{"id":46,"date":"2025-06-05T21:36:25","date_gmt":"2025-06-05T21:36:25","guid":{"rendered":"https:\/\/catalystconstructora.com\/wp\/home\/"},"modified":"2025-06-10T18:33:02","modified_gmt":"2025-06-10T18:33:02","slug":"home","status":"publish","type":"page","link":"https:\/\/catalystconstructora.com\/wp\/","title":{"rendered":"Home"},"content":{"rendered":"<h2>El mejor eQUIPO <\/h2>\n<h2>a tU disposici\u00f3n<\/h2>\n<p>Transformamos espacios, desde viviendas hasta oficinas modernas.\nRegularizamos, asesoramos y construimos con excelencia t\u00e9cnica y atenci\u00f3n\npersonalizada.<\/p><h2>LO QUE HAREMOS POR TI<\/h2>\n<p>Construimos, regularizamos y financiamos tu propiedad con respaldo t\u00e9cnico, legal y seguro. Todo en un solo equipo: CATALYST<\/p>\n<p><ul><li><span>Drywall, estructuras met\u00e1licas<\/span><\/li><li><span>Remodelaci\u00f3n y acabados<\/span><\/li><li><span>Supervisi\u00f3n profesional&nbsp;&nbsp;<\/span><\/li><\/ul><\/p>\n<p><ul><li><span>Reforzamiento estructural +30 a\u00f1os<\/span><\/li><li><span>Reparaci\u00f3n de filtraciones y fallas<\/span><\/li><li><span>Evaluaci\u00f3n con planos y topograf\u00eda<\/span><\/li><\/ul><\/p>\n<p><ul><li><span>Inspecci\u00f3n estructural<\/span><\/li><li><span>Informe t\u00e9cnico especializado<\/span><\/li><li><span>Diagn\u00f3stico de riesgos<\/span><\/li><\/ul><\/p>\n<p><ul><li><span>Armado de planos y expedientes<\/span><\/li><li><span>Maquetas f\u00edsicas y renders 3D<\/span><\/li><li><span>Asesor\u00eda personalizada<\/span><\/li><\/ul><\/p>\n<p><ul><li><span>Licencias de construcci\u00f3n<\/span><\/li><li><span>Declaratoria de F\u00e1brica<\/span><\/li><li><span>Independizaci\u00f3n de predios<\/span><\/li><\/ul><\/p>\n<p><ul><li>Asesor\u00eda Crediticia<\/li><li>Acceso a Bonos del Gobierno<\/li><li>Gesti\u00f3n de Requisitos financier<\/li><\/ul><\/p><h2>CONF\u00cdA EN NUESTRA EXPERIENCIA<\/h2>\n<p>Con m\u00e1s de una d\u00e9cada de experiencia, Catalyst combina conocimiento t\u00e9cnico, cumplimiento legal y gesti\u00f3n financiera para brindar soluciones seguras. Conf\u00eda en nosotros: trabajamos con transparencia, profesionalismo y un equipo experto que cuida tu inversi\u00f3n desde el inicio. <\/p>\n<p>\u00a1Tu tranquilidad es nuestra meta!. <\/p><h2>Formaliza TUS PROPIEDADES<\/h2>\n<p><strong>\u00bfTu inmueble no est\u00e1 formalizado?<\/strong> No te preocupes, en Catalyst te ayudamos a obtener la licencia, la declaratoria de f\u00e1brica y la habilitaci\u00f3n urbana. As\u00ed podr\u00e1s vender, alquilar o financiar con total seguridad. Conf\u00eda en nuestro equipo t\u00e9cnico y legal. \u00a1Solicita tu asesor\u00eda gratis ahora!<\/p>\nGestionamos tu licencia de construcci\u00f3n\nTramitamos tu declaratoria de f\u00e1brica.\nFormalizamos tu propiedad r\u00e1pido y sin enredos\nAsesor\u00eda legal y t\u00e9cnica personalizada\nAsegura tu inversi\u00f3n para vender, alquilar o financiar<h2>inmuebles para peruanos en el exterior<\/h2>\n\n<p style=\"text-align: center; \"><span style=\"background-color: rgb(255, 255, 255); color: rgb(118, 118, 118); font-family: Arial, sans-serif; font-size: 14px; font-weight: bold;\">Con las remesas que recibes del exterior puedes acceder a un cr\u00e9dito para tu casa propia<\/span>.<\/p>\n<h2>01<\/h2>\n<p>Accede f\u00e1cilmente al cr\u00e9dito MI VIVIENDA que quieres con las remesas que recibes del extranjero.<\/p><p>Hay ahorros que no tienen costos de mantenimiento y puedes realizar hasta &#8230;<\/p>\n\n<h2>02<\/h2>\n<p>Accede f\u00e1cilmente a un Pr\u00e9stamo Hipotecario o MiVivienda con las remesas. Hay opciones para comprar viviendas terminadas o en proyecto de Construcci\u00f3n hasta $100,000 para pagarlos hasta en 20 a\u00f1os haciendo lo siguiente&#8230;<\/p>\n\n<h2>03<\/h2>\n<p>Cons\u00faltanos AQUI y te diremos c\u00f3mo hacerlo paso a paso..<\/p><h2>ALBA\u00d1ILES ACREDITADOS<\/h2>\n<p><strong>En Catalyst, tu seguridad es primero. <\/strong>Por eso, todo nuestro personal (alba\u00f1iles, t\u00e9cnicos, arquitectos y obreros) . Todos est\u00e1n acreditados, uniformados e identificados. <\/p>\n<p>Sabr\u00e1s siempre qui\u00e9n entra a tu casa y qui\u00e9n sale, con toda la confianza y respaldo profesional. <\/p>\n<p>Construye tranquilo, con un equipo confiable y calificado desde el primer d\u00eda. <\/p><h2>Preguntas frecuentes<\/h2>\n<p>AQUI respondemos tus dudas m\u00e1s frecuentes sobre construcci\u00f3n, tr\u00e1mites, fallas en tu vivienda y financiamiento.<\/p>\n<p> Debes obtener la licencia de construcci\u00f3n, la declaratoria de f\u00e1brica y\/o la independizaci\u00f3n del inmueble, seg\u00fan tu caso. Estos documentos son clave para vender, alquilar o construir legalmente<\/p>\n<p> No solo construimos. Dise\u00f1amos, elaboramos planos, preparamos expedientes, gestionamos tr\u00e1mites y ejecutamos la obra..<\/p>\n<p>S\u00ed te podemos ayudar cuanto antes. Esas fallas pueden ser se\u00f1al de problemas estructurales. Es vital hacer una <strong data-start=\"1058\" data-end=\"1080\">evaluaci\u00f3n t\u00e9cnica<\/strong>, reforzar la estructura y <strong data-start=\"1107\" data-end=\"1147\">solucionar las filtraciones a tiempo, para evitar inconvenientes.<\/strong><\/p>\n<p> S\u00ed. Existen opciones como cr\u00e9ditos, bonos del Estado y planes de pago por cuotas que permiten avanzar sin frenar tu proyecto..<\/p><h2>NUESTRO EDIFICIO \u00abLA FLORESTA\u00bb<\/h2>\n<p><strong>El m\u00e1s moderno Edificio de Oficinas<\/strong> de 5 pisos estilo Bauhaus, con espacios desde 235 m\u00b2 con ascensor, ba\u00f1os y dise\u00f1o ejecutivo \u00fanico <strong>en Lima Norte<\/strong><\/p><p><strong>Construido por Catalyst<\/strong>, <strong>La Floresta<\/strong> combina arquitectura moderna y funcionalidad. Locales desde 235\u202fm\u00b2 con ascensor, ba\u00f1os por piso, doble acceso y dise\u00f1o pensado para oficinas, consultorios o marcas que exigen presencia, estilo y solidez estructural.<\/p><p><strong>Oficinas modernas con acabados de alta calidad<\/strong>, espacios amplios y funcionales, iluminaci\u00f3n natural, pisos resistentes y distribuci\u00f3n flexible. Ideal para empresas que buscan confort, imagen profesional y un entorno que potencie su productividad<\/p>","protected":false},"excerpt":{"rendered":"","protected":false},"author":1,"featured_media":0,"parent":0,"menu_order":0,"comment_status":"closed","ping_status":"closed","template":"","meta":{"pagelayer_contact_templates":[],"_pagelayer_content":"","footnotes":""},"class_list":["post-46","page","type-page","status-publish","hentry"],"_links":{"self":[{"href":"https:\/\/catalystconstructora.com\/wp\/wp-json\/wp\/v2\/pages\/46","targetHints":{"allow":["GET"]}}],"collection":[{"href":"https:\/\/catalystconstructora.com\/wp\/wp-json\/wp\/v2\/pages"}],"about":[{"href":"https:\/\/catalystconstructora.com\/wp\/wp-json\/wp\/v2\/types\/page"}],"author":[{"embeddable":true,"href":"https:\/\/catalystconstructora.com\/wp\/wp-json\/wp\/v2\/users\/1"}],"replies":[{"embeddable":true,"href":"https:\/\/catalystconstructora.com\/wp\/wp-json\/wp\/v2\/comments?post=46"}],"version-history":[{"count":23,"href":"https:\/\/catalystconstructora.com\/wp\/wp-json\/wp\/v2\/pages\/46\/revisions"}],"predecessor-version":[{"id":220,"href":"https:\/\/catalystconstructora.com\/wp\/wp-json\/wp\/v2\/pages\/46\/revisions\/220"}],"wp:attachment":[{"href":"https:\/\/catalystconstructora.com\/wp\/wp-json\/wp\/v2\/media?parent=46"}],"curies":[{"name":"wp","href":"https:\/\/api.w.org\/{rel}","templated":true}]}}